





{"id":2324,"date":"2018-03-16T15:06:19","date_gmt":"2018-03-16T15:06:19","guid":{"rendered":"http:\/\/amatea.ec\/?page_id=2324"},"modified":"2025-10-29T18:07:47","modified_gmt":"2025-10-29T23:07:47","slug":"contact-us","status":"publish","type":"page","link":"https:\/\/amatea.ec\/en\/contact-us\/","title":{"rendered":"Contact Us"},"content":{"rendered":"<p>[vc_row full_width=&#8221;stretch_row_content_no_spaces&#8221; disable_element=&#8221;yes&#8221; el_id=&#8221;contacto1&#8243; css=&#8221;.vc_custom_1585511053952{margin-top: 0px !important;border-top-width: 0px !important;padding-top: 0px !important;background-color: #191919 !important;}&#8221;][vc_column][vc_single_image image=&#8221;2735&#8243; img_size=&#8221;full&#8221;][vc_column_text css=&#8221;.vc_custom_1585510945380{background-color: #161214 !important;}&#8221;]<\/p>\n<p style=\"text-align: center; color: #fff;\">DEBIDO A LA SITUACI\u00d3N ACTUAL POR LA QUE PASA NUESTRO PAIS POR EL COVID-19<br \/>\nS\u00d3LO ESTAMOS PRESENTANDO SERVICIO A DOMICILIO.<br \/>\n#Qu\u00e9dateEnCasa<\/p>\n<p>[\/vc_column_text][\/vc_column][\/vc_row][vc_row full_width=&#8221;stretch_row_content_no_spaces&#8221; css=&#8221;.vc_custom_1585511372284{margin-top: 0px !important;border-top-width: 0px !important;padding-top: 50px !important;padding-bottom: 50px !important;background-color: #161214 !important;}&#8221;][vc_column][vc_column_text]<\/p>\n<p style=\"text-align: center; color: #fff; font-size: 1.5rem;\">WE BRING YOUR FAVORITE TEAS TO YOUR HOME<\/p>\n<p style=\"text-align: center; color: #fff; font-size: 1.5rem;\">Contact us at<br \/>\ninfo@amateashop.com or +44-792-251-9390<br \/>\nand we will take your order.<\/p>\n<p style=\"text-align: center; color: #fff; font-size: 1.5rem;\">We accept payments by credit card or PayPal<\/p>\n<p>[\/vc_column_text][\/vc_column][\/vc_row][vc_row full_width=&#8221;stretch_row&#8221; css=&#8221;.vc_custom_1760537900377{margin-top: 20px !important;border-top-width: 20px !important;padding-top: 20px !important;}&#8221; el_id=&#8221;stores&#8221;][vc_column width=&#8221;1\/4&#8243;][vc_tta_accordion style=&#8221;flat&#8221; shape=&#8221;round&#8221; color=&#8221;white&#8221; c_icon=&#8221;&#8221; active_section=&#8221;8&#8243; collapsible_all=&#8221;true&#8221;][vc_tta_section title=&#8221;C.C. Scala Shopping&#8221; tab_id=&#8221;cc-scala&#8221;][vc_column_text]<\/p>\n<ul>\n<li><strong>Address:<\/strong> Av. Interoce\u00e1nica Km 12 \u00bd y Pasaje El Valle (Cumbay\u00e1)<\/li>\n<li><strong>Hours:<\/strong><br \/>\nMonday to Thursday: 10:00 to 20:30<br \/>\nFriday and Saturday: 10:00 to 21:00<br \/>\nSunday: 10:00 to 20:00<\/li>\n<\/ul>\n<p>[\/vc_column_text][\/vc_tta_section][vc_tta_section title=&#8221;C.C. Quicentro Shopping&#8221; tab_id=&#8221;cc-quicentro&#8221;][vc_column_text]<\/p>\n<ul>\n<li><strong>Address: <\/strong>Av. Naciones Unidas, Quito 170135<\/li>\n<li><strong><strong>Phone: <\/strong><\/strong>+(593) 2 3824015<\/li>\n<li><strong>Hours:<\/strong><br \/>\nMonday to Saturday: 09:30 to 21:00<br \/>\nSunday: 10:00 to 20:00<\/li>\n<\/ul>\n<p>[\/vc_column_text][\/vc_tta_section][vc_tta_section title=&#8221;C.C. Milenium Plaza&#8221; tab_id=&#8221;cc-milenium&#8221;][vc_column_text]<\/p>\n<ul>\n<li><strong>Address:<\/strong> AV. JOSE PERALTA Y CORNELI, Merchan, Cuenca 010204<\/li>\n<li><strong>Hours:<\/strong><br \/>\nMonday to Saturday: 10:00 to 20:00<br \/>\nSunday: 10:00 to 20:00<\/li>\n<\/ul>\n<p>[\/vc_column_text][\/vc_tta_section][vc_tta_section title=&#8221;C.C. San Marino Shopping&#8221; tab_id=&#8221;cc-marino&#8221;][vc_column_text]<\/p>\n<ul>\n<li><strong>Address:<\/strong> Av. Francisco de Orellana y Carlos Luis Plaza Da\u00f1\u00edn<\/li>\n<li><strong>Hours:<\/strong><br \/>\nMonday to Sunday: 10:00 ti 20:00<\/li>\n<\/ul>\n<p>[\/vc_column_text][\/vc_tta_section][\/vc_tta_accordion][\/vc_column][vc_column width=&#8221;3\/4&#8243;][vc_tta_tabs color=&#8221;white&#8221; active_section=&#8221;1&#8243;][vc_tta_section title=&#8221;C.C. Scala Shopping &#8221; tab_id=&#8221;cc-scala-2&#8243;][vc_gmaps link=&#8221;#E-8_JTNDaWZyYW1lJTIwc3JjJTNEJTIyaHR0cHMlM0ElMkYlMkZ3d3cuZ29vZ2xlLmNvbSUyRm1hcHMlMkZlbWJlZCUzRnBiJTNEJTIxMW0xOCUyMTFtMTIlMjExbTMlMjExZDM5ODkuNzkyMjg3NjY5NDgyNCUyMTJkLTc4LjQyNzk5ODI4NTgzNjMyJTIxM2QtMC4yMDY5NzYzMzU0NTc5MTI4OSUyMTJtMyUyMTFmMCUyMTJmMCUyMTNmMCUyMTNtMiUyMTFpMTAyNCUyMTJpNzY4JTIxNGYxMy4xJTIxM20zJTIxMW0yJTIxMXMweDkxZDU5MTI2YzAyMjc5MTklMjUzQTB4NzY2MWUzNjFhNGVmZTQ4ZCUyMTJzU2NhbGElMkJTaG9wcGluZyUyQk1hbGwlMjE1ZTAlMjEzbTIlMjExc2VuJTIxMnNlYyUyMTR2MTUyMTIxMjU1Njc3NCUyMiUyMHdpZHRoJTNEJTIyNjAwJTIyJTIwaGVpZ2h0JTNEJTIyNDUwJTIyJTIwZnJhbWVib3JkZXIlM0QlMjIwJTIyJTIwc3R5bGUlM0QlMjJib3JkZXIlM0EwJTIyJTIwYWxsb3dmdWxsc2NyZWVuJTNFJTNDJTJGaWZyYW1lJTNF&#8221; size=&#8221;full width&#8221;][\/vc_tta_section][vc_tta_section title=&#8221;C.C. Quicentro Shopping &#8221; tab_id=&#8221;cc-quicentro-2&#8243;][vc_gmaps link=&#8221;#E-8_JTNDaWZyYW1lJTIwc3JjJTNEJTIyaHR0cHMlM0ElMkYlMkZ3d3cuZ29vZ2xlLmNvbSUyRm1hcHMlMkZlbWJlZCUzRnBiJTNEJTIxMW0xOCUyMTFtMTIlMjExbTMlMjExZDE1OTU5LjIwMTc2ODc4MjY2OCUyMTJkLTc4LjQ4NDEzMjM5NDU2NjUyJTIxM2QtMC4xNzE1MjMwNDk3ODY1NjQ3NCUyMTJtMyUyMTFmMCUyMTJmMCUyMTNmMCUyMTNtMiUyMTFpMTAyNCUyMTJpNzY4JTIxNGYxMy4xJTIxM20zJTIxMW0yJTIxMXMweDkxZDU5YTgzOWQ4NTc0N2YlMjUzQTB4M2E4NGFhYWNiZDgxMjk3YSUyMTJzUXVpY2VudHJvJTJCU2hvcHBpbmclMjE1ZTAlMjEzbTIlMjExc2VuJTIxMnNlYyUyMTR2MTUyMTIxMjk4MzkyOCUyMiUyMHdpZHRoJTNEJTIyNjAwJTIyJTIwaGVpZ2h0JTNEJTIyNDUwJTIyJTIwZnJhbWVib3JkZXIlM0QlMjIwJTIyJTIwc3R5bGUlM0QlMjJib3JkZXIlM0EwJTIyJTIwYWxsb3dmdWxsc2NyZWVuJTNFJTNDJTJGaWZyYW1lJTNF&#8221;][\/vc_tta_section][vc_tta_section title=&#8221;C.C. Milenium Plaza&#8221; tab_id=&#8221;cc-milenium-2&#8243;][vc_gmaps link=&#8221;#E-8_JTNDaWZyYW1lJTIwc3JjJTNEJTIyaHR0cHMlM0ElMkYlMkZ3d3cuZ29vZ2xlLmNvbSUyRm1hcHMlMkZlbWJlZCUzRnBiJTNEJTIxMW0xOCUyMTFtMTIlMjExbTMlMjExZDM5ODQuNjg3Mjc0NzY1Mjc0JTIxMmQtNzkuMDA0NjM4OTg1ODU1NjUlMjEzZC0yLjkwNjEwMDA0MDM1NjAxODQlMjEybTMlMjExZjAlMjEyZjAlMjEzZjAlMjEzbTIlMjExaTEwMjQlMjEyaTc2OCUyMTRmMTMuMSUyMTNtMyUyMTFtMiUyMTFzMHg5MWNkMTg2YzdhNGJkYzZkJTI1M0EweGI0YjQ4ZWUzYTgwMzdkNTMlMjEyc01pbGxlbml1bSUyQlBsYXphJTIxNWUwJTIxM20yJTIxMXNlbiUyMTJzZWMlMjE0djE1MzYxODM4MTYxNjclMjIlMjB3aWR0aCUzRCUyMjgwMCUyMiUyMGhlaWdodCUzRCUyMjYwMCUyMiUyMGZyYW1lYm9yZGVyJTNEJTIyMCUyMiUyMHN0eWxlJTNEJTIyYm9yZGVyJTNBMCUyMiUyMGFsbG93ZnVsbHNjcmVlbiUzRSUzQyUyRmlmcmFtZSUzRQ==&#8221; size=&#8221;&#8221;][\/vc_tta_section][vc_tta_section title=&#8221;C.C. San Marino Shopping&#8221; tab_id=&#8221;cc-marino-2&#8243;][vc_gmaps link=&#8221;#E-8_JTNDaWZyYW1lJTIwc3JjJTNEJTIyaHR0cHMlM0ElMkYlMkZ3d3cuZ29vZ2xlLmNvbSUyRm1hcHMlMkZlbWJlZCUzRnBiJTNEJTIxMW0xOCUyMTFtMTIlMjExbTMlMjExZDM5ODYuOTU4ODU4NDg2NzcwNiUyMTJkLTc5LjkwMTExNDYyNDIyNzQ3JTIxM2QtMi4xNjkzNDc2OTc4MTEzOTMlMjEybTMlMjExZjAlMjEyZjAlMjEzZjAlMjEzbTIlMjExaTEwMjQlMjEyaTc2OCUyMTRmMTMuMSUyMTNtMyUyMTFtMiUyMTFzMHg5MDJkNmQ5NTRlYWVhNTU3JTI1M0EweDNlMjYwYjUwODhmMGYyNWIlMjEyc1NhbiUyNTIwTWFyaW5vJTI1MjBTaG9wcGluZyUyMTVlMCUyMTNtMiUyMTFzZXMtNDE5JTIxMnNlYyUyMTR2MTc1NzYwMzc3MjY1MyUyMTVtMiUyMTFzZXMtNDE5JTIxMnNlYyUyMiUyMHdpZHRoJTNEJTIyODAwJTIyJTIwaGVpZ2h0JTNEJTIyNjAwJTIyJTIwc3R5bGUlM0QlMjJib3JkZXIlM0EwJTNCJTIyJTIwYWxsb3dmdWxsc2NyZWVuJTNEJTIyJTIyJTIwbG9hZGluZyUzRCUyMmxhenklMjIlMjByZWZlcnJlcnBvbGljeSUzRCUyMm5vLXJlZmVycmVyLXdoZW4tZG93bmdyYWRlJTIyJTNFJTNDJTJGaWZyYW1lJTNF&#8221; size=&#8221;&#8221;][\/vc_tta_section][\/vc_tta_tabs][\/vc_column][\/vc_row]<\/p>\n","protected":false},"excerpt":{"rendered":"<p>[vc_row full_width=&#8221;stretch_row_content_no_spaces&#8221; disable_element=&#8221;yes&#8221; el_id=&#8221;contacto1&#8243; css=&#8221;.vc_custom_1585511053952{margin-top: 0px !important;border-top-width: 0px !important;padding-top: 0px !important;background-color: #191919 !important;}&#8221;][vc_column][vc_single_image image=&#8221;2735&#8243; img_size=&#8221;full&#8221;][vc_column_text css=&#8221;.vc_custom_1585510945380{background-color: #161214 !important;}&#8221;] DEBIDO A LA SITUACI\u00d3N ACTUAL POR LA QUE PASA NUESTRO PAIS POR EL COVID-19 S\u00d3LO ESTAMOS PRESENTANDO SERVICIO A DOMICILIO. #Qu\u00e9dateEnCasa [\/vc_column_text][\/vc_column][\/vc_row][vc_row full_width=&#8221;stretch_row_content_no_spaces&#8221; css=&#8221;.vc_custom_1585511372284{margin-top: 0px !important;border-top-width: 0px !important;padding-top: 50px !important;padding-bottom: 50px !important;background-color: #161214 !important;}&#8221;][vc_column][vc_column_text] WE BRING YOUR FAVORITE TEAS TO YOUR HOME&hellip;<\/p>\n","protected":false},"author":1,"featured_media":0,"parent":0,"menu_order":0,"comment_status":"closed","ping_status":"closed","template":"","meta":{"_joinchat":{"telephone":"+443"},"footnotes":""},"class_list":["post-2324","page","type-page","status-publish","hentry"],"aioseo_notices":[],"_links":{"self":[{"href":"https:\/\/amatea.ec\/en\/wp-json\/wp\/v2\/pages\/2324","targetHints":{"allow":["GET"]}}],"collection":[{"href":"https:\/\/amatea.ec\/en\/wp-json\/wp\/v2\/pages"}],"about":[{"href":"https:\/\/amatea.ec\/en\/wp-json\/wp\/v2\/types\/page"}],"author":[{"embeddable":true,"href":"https:\/\/amatea.ec\/en\/wp-json\/wp\/v2\/users\/1"}],"replies":[{"embeddable":true,"href":"https:\/\/amatea.ec\/en\/wp-json\/wp\/v2\/comments?post=2324"}],"version-history":[{"count":64,"href":"https:\/\/amatea.ec\/en\/wp-json\/wp\/v2\/pages\/2324\/revisions"}],"predecessor-version":[{"id":7630,"href":"https:\/\/amatea.ec\/en\/wp-json\/wp\/v2\/pages\/2324\/revisions\/7630"}],"wp:attachment":[{"href":"https:\/\/amatea.ec\/en\/wp-json\/wp\/v2\/media?parent=2324"}],"curies":[{"name":"wp","href":"https:\/\/api.w.org\/{rel}","templated":true}]}}